{"id":1124,"date":"2015-05-08T13:22:48","date_gmt":"2015-05-08T13:22:48","guid":{"rendered":"http:\/\/quanticalabs.com\/wptest\/carservice\/?page_id=4"},"modified":"2022-12-05T15:56:05","modified_gmt":"2022-12-05T15:56:05","slug":"home","status":"publish","type":"page","link":"https:\/\/hipajal.mx\/","title":{"rendered":"HOME"},"content":{"rendered":"<p>[vc_row type=\u00bbfull-width\u00bb][vc_column][rev_slider_vc alias=\u00bbmain\u00bb][\/vc_column][\/vc_row][vc_row top_margin=\u00bbpage-margin-top-section\u00bb][vc_column]<h2 class=\" box-header\">ATENDEMOS TU FLOTA<\/h2>[vc_column_text el_class=\u00bbdescription align-center\u00bb]En las especialidades que tus unidades requieran, mediante el modelo de servicio que mejor se adapte a la necesidad de tu empresa.[\/vc_column_text][vc_row_inner top_margin=\u00bbpage-margin-top\u00bb][vc_column_inner width=\u00bb1\/3&#8243;]<div class=\"feature-item feature-item-big\"><div class=\"hexagon\"><div class=\"sl-small-check-2\"><\/div><\/div><h4 class=\"box-header\">SERVICIO ASISTIDO<\/h4><p>Taller en tu empresa<\/p><\/div>[\/vc_column_inner][vc_column_inner width=\u00bb1\/3&#8243;]<div class=\"feature-item feature-item-big\"><div class=\"hexagon\"><div class=\"sl-small-check-2\"><\/div><\/div><h4 class=\"box-header\">CENTRO DE SERVICIO<\/h4><p>Desde mec\u00e1nica diesel y gasolina, muelles y suspensiones para cualquier veh\u00edculo hasta sistemas hidr\u00e1ulicos, laminado y pintura.<br \/>\n(Disponible en nuestras instalaciones)<\/p><\/div>[\/vc_column_inner][vc_column_inner width=\u00bb1\/3&#8243;]<div class=\"feature-item feature-item-big\"><div class=\"hexagon\"><div class=\"sl-small-check-2\"><\/div><\/div><h4 class=\"box-header\">FABRICACIONES<\/h4><p>Contamos con la infraestructura para fabricar el equipo que mejor se adapte a las necesidades de tu empresa<\/p><\/div>[\/vc_column_inner][\/vc_row_inner][\/vc_column][\/vc_row][vc_row el_class=\u00bbalign-center margin-top-67 padding-bottom-20&#8243;][vc_column]<a class=\"more\" href=\"https:\/\/hipajal.mx\/?page_id=1386\" title=\"EST\u00c1MOS A TU SERVICIO\"><span>EST\u00c1MOS A TU SERVICIO<\/span><\/a>[vc_empty_space height=\u00bb62px\u00bb][\/vc_column][\/vc_row][vc_row type=\u00bbfull-width cs-parallax\u00bb css=\u00bb.vc_custom_1669782985781{background-image: url(http:\/\/quanticalabs.com\/wptest\/carservice\/files\/2015\/05\/image_012.jpg?id=928) !important;}\u00bb el_class=\u00bbalign-center padding-top-70 padding-bottom-66&#8243;][vc_column][vc_row_inner][vc_column_inner]<h2 class=\" box-header\">SERVICIO ASISTIDO<\/h2>[vc_empty_space height=\u00bb40px\u00bb]<h2 class=\" box-header\">Tener tu centro de servicio en tus instalaciones sin inversi\u00f3n<\/h2>[vc_empty_space]<a class=\"more\" href=\"https:\/\/hipajal.mx\/?page_id=1903\" title=\"CONOCE C\u00d3MO\"><span>CONOCE C\u00d3MO<\/span><\/a>[\/vc_column_inner][\/vc_row_inner][\/vc_column][\/vc_row][vc_row top_margin=\u00bbpage-margin-top-section\u00bb][vc_column]<h2 class=\" box-header\">HIPAJAL CENTRO DE SERVICIO<\/h2>[vc_column_text el_class=\u00bbdescription align-center\u00bb]Atendemos los servicios de tu flota en Box Service centro de servicio, cuando tu operaci\u00f3n as\u00ed lo requiera,\u00a0contando con un patio de m\u00e1s de 3500mt2[\/vc_column_text]<ul class=\"services-list clearfix page-margin-top\"><li class=\"vc_row wpb_row vc_row-fluid\"><ul><li><a href=\"https:\/\/hipajal.mx\/?ql_services=mecanica-diesel\" title=\"MEC\u00c1NICA DIESEL\"><\/a><h4 class=\"box-header\"><a href=\"https:\/\/hipajal.mx\/?ql_services=mecanica-diesel\" title=\"MEC\u00c1NICA DIESEL\">MEC\u00c1NICA DIESEL<\/a><\/h4><\/li><li><a href=\"https:\/\/hipajal.mx\/?ql_services=mecanica-gasolina\" title=\"MEC\u00c1NICA GASOLINA\"><\/a><h4 class=\"box-header\"><a href=\"https:\/\/hipajal.mx\/?ql_services=mecanica-gasolina\" title=\"MEC\u00c1NICA GASOLINA\">MEC\u00c1NICA GASOLINA<\/a><\/h4><\/li><li><a href=\"https:\/\/hipajal.mx\/?ql_services=muelles-y-suspensiones\" title=\"MUELLES Y SUSPENSIONES\"><\/a><h4 class=\"box-header\"><a href=\"https:\/\/hipajal.mx\/?ql_services=muelles-y-suspensiones\" title=\"MUELLES Y SUSPENSIONES\">MUELLES Y SUSPENSIONES<\/a><\/h4><\/li><\/ul><\/li><li class=\"vc_row wpb_row vc_row-fluid\"><ul><li><a href=\"https:\/\/hipajal.mx\/?ql_services=sistemas-hidraulicos\" title=\"SISTEMAS HIDR\u00c1ULICOS\"><\/a><h4 class=\"box-header\"><a href=\"https:\/\/hipajal.mx\/?ql_services=sistemas-hidraulicos\" title=\"SISTEMAS HIDR\u00c1ULICOS\">SISTEMAS HIDR\u00c1ULICOS<\/a><\/h4><\/li><li><a href=\"https:\/\/hipajal.mx\/?ql_services=reparacion-de-paileria\" title=\"REPARACI\u00d3N DE PAILER\u00cdA\"><\/a><h4 class=\"box-header\"><a href=\"https:\/\/hipajal.mx\/?ql_services=reparacion-de-paileria\" title=\"REPARACI\u00d3N DE PAILER\u00cdA\">REPARACI\u00d3N DE PAILER\u00cdA<\/a><\/h4><\/li><li><a href=\"https:\/\/hipajal.mx\/?ql_services=laminado-y-pintura\" title=\"LAMINADO Y PINTURA\"><\/a><h4 class=\"box-header\"><a href=\"https:\/\/hipajal.mx\/?ql_services=laminado-y-pintura\" title=\"LAMINADO Y PINTURA\">LAMINADO Y PINTURA<\/a><\/h4><\/li><\/ul><\/li><\/ul>[\/vc_column][\/vc_row][vc_row type=\u00bbfull-width\u00bb el_class=\u00bbalign-center margin-top-40 padding-bottom-87&#8243;][vc_column]<a class=\"more\" href=\"https:\/\/hipajal.mx\/?page_id=1115\" title=\"VER TODOS LOS SERVICIOS\"><span>VER TODOS LOS SERVICIOS<\/span><\/a>[\/vc_column][\/vc_row][vc_row type=\u00bbfull-width\u00bb top_margin=\u00bbpage-margin-top-section\u00bb el_class=\u00bbflex-box\u00bb css=\u00bb.vc_custom_1441196365110{background-color: #f5f5f5 !important;}\u00bb][vc_column width=\u00bb1\/2&#8243; css=\u00bb.vc_custom_1669781831449{background-image: url(https:\/\/hipajal.mx\/wp-content\/uploads\/2022\/11\/paileria-.jpg?id=1657) !important;background-position: center !important;background-repeat: no-repeat !important;background-size: cover !important;}\u00bb][vc_single_image image=\u00bb917&#8243; img_size=\u00bblarge-thumb\u00bb el_class=\u00bbflex-hide\u00bb][\/vc_column][vc_column width=\u00bb1\/2&#8243; el_class=\u00bbpadding-left-right-100 padding-bottom-66&#8243;]<h2 class=\" box-header page-margin-top-section\">FABRICACIONES<\/h2>[vc_column_text el_class=\u00bbdescription align-center\u00bb]Fabricaciones a tus necesidades.[\/vc_column_text][vc_row_inner css=\u00bb.vc_custom_1439977887316{margin-top: 30px !important;}\u00bb][vc_column_inner width=\u00bb1\/2&#8243;]<ul class=\"list align-center\"><\/p>\n<p style=\"text-align: center;\"><li class=\"template-bullet \"><span>Remolques<\/span><\/li><li class=\"template-bullet \"><span>Tanques<\/span><\/li><li class=\"template-bullet \"><span>Volteo<\/span><\/li><\/p>\n<p><\/ul>[\/vc_column_inner][vc_column_inner width=\u00bb1\/2&#8243;]<ul class=\"list align-center\"><li class=\"template-bullet \"><span>Cajas Secas<\/span><\/li><li class=\"template-bullet \" style=\"color:CCCCCC;\"><span style=\"color: CCCCCC;\">Cajas Refrigerantes<\/span><\/li><li class=\"template-bullet \"><span>Cajas Especiales<\/span><\/li><\/ul>[\/vc_column_inner][\/vc_row_inner][vc_row_inner el_class=\u00bbalign-center margin-top-67 padding-bottom-20&#8243;][vc_column_inner]<a class=\"more simple\" href=\"https:\/\/hipajal.mx\/?page_id=1380\" title=\"VER EJEMPLOS\"><span>VER EJEMPLOS<\/span><\/a>[\/vc_column_inner][\/vc_row_inner][\/vc_column][\/vc_row][vc_row top_margin=\u00bbpage-margin-top-section\u00bb][vc_column]<h2 class=\" box-header\">SOPORTE A TU DISPOSICI\u00d3N<\/h2>[vc_column_text el_class=\u00bbdescription align-center\u00bb]Nuestra calidad precede nuestros a\u00f1os de experiencia.[\/vc_column_text][vc_row_inner top_margin=\u00bbpage-margin-top-section\u00bb][vc_column_inner width=\u00bb1\/3&#8243;][vc_single_image image=\u00bb1692&#8243; img_size=\u00bb80&#215;80&#8243; alignment=\u00bbcenter\u00bb][vc_empty_space height=\u00bb20px\u00bb][vc_column_text]<\/p>\n<h4 style=\"text-align: center;\">Equipos de Comunicaci\u00f3n Privada<\/h4>\n<p>[\/vc_column_text][\/vc_column_inner][vc_column_inner width=\u00bb1\/3&#8243;][vc_single_image image=\u00bb1753&#8243; img_size=\u00bb80&#215;80&#8243; alignment=\u00bbcenter\u00bb][vc_empty_space height=\u00bb16px\u00bb][vc_column_text]<\/p>\n<h4 style=\"text-align: center;\">3500 metros cuadrados de Patio de Servicio<\/h4>\n<p>[\/vc_column_text][\/vc_column_inner][vc_column_inner width=\u00bb1\/3&#8243;][vc_single_image image=\u00bb1744&#8243; img_size=\u00bb80&#215;80&#8243; alignment=\u00bbcenter\u00bb][vc_empty_space height=\u00bb16px\u00bb][vc_column_text]<\/p>\n<h4 style=\"text-align: center;\">Vigilancia las 24 horas para la seguridad de su parque vehicular<\/h4>\n<p>[\/vc_column_text][\/vc_column_inner][\/vc_row_inner][vc_row_inner top_margin=\u00bbpage-margin-top-section\u00bb][vc_column_inner width=\u00bb1\/3&#8243;][vc_single_image image=\u00bb1723&#8243; img_size=\u00bb80&#215;80&#8243; alignment=\u00bbcenter\u00bb][vc_empty_space height=\u00bb16px\u00bb][vc_column_text]<\/p>\n<h4 style=\"text-align: center;\">Camionetas Equipadas para servicio y rescate<\/h4>\n<p>[\/vc_column_text][\/vc_column_inner][vc_column_inner width=\u00bb1\/3&#8243;][vc_single_image image=\u00bb1753&#8243; img_size=\u00bb80&#215;80&#8243; alignment=\u00bbcenter\u00bb][vc_empty_space height=\u00bb16px\u00bb][vc_column_text]<\/p>\n<h4 style=\"text-align: center;\">T\u00e9cnicos en las diferentes especialidades que se ofrecen<\/h4>\n<p>[\/vc_column_text][\/vc_column_inner][vc_column_inner width=\u00bb1\/3&#8243;][vc_single_image image=\u00bb1699&#8243; img_size=\u00bb80&#215;80&#8243; alignment=\u00bbcenter\u00bb][vc_empty_space height=\u00bb16px\u00bb][vc_column_text]<\/p>\n<h4 style=\"text-align: center;\">Apoyo con Gr\u00faa<\/h4>\n<p>[\/vc_column_text][\/vc_column_inner][\/vc_row_inner][\/vc_column][\/vc_row][vc_row][vc_column][vc_empty_space height=\u00bb120px\u00bb][\/vc_column][\/vc_row][vc_row type=\u00bbfull-width\u00bb css=\u00bb.vc_custom_1432038677789{background-color: #f5f5f5 !important;}\u00bb el_class=\u00bbalign-center padding-top-54 padding-bottom-61&#8243;][vc_column]<a class=\"more\" href=\"https:\/\/hipajal.mx\/?page_id=1386\" target=\"_blank\" title=\"EST\u00c1MOS A TU SERVICIO\"><span>EST\u00c1MOS A TU SERVICIO<\/span><\/a>[\/vc_column][\/vc_row]<\/p>\n","protected":false},"excerpt":{"rendered":"<p>[vc_row type=\u00bbfull-width\u00bb][vc_column][rev_slider_vc alias=\u00bbmain\u00bb][\/vc_column][\/vc_row][vc_row top_margin=\u00bbpage-margin-top-section\u00bb][vc_column][vc_column_text el_class=\u00bbdescription align-center\u00bb]En las especialidades que tus unidades requieran, mediante el modelo de servicio que mejor se adapte a la necesidad de tu empresa.[\/vc_column_text][vc_row_inner top_margin=\u00bbpage-margin-top\u00bb][vc_column_inner width=\u00bb1\/3&#8243;][\/vc_column_inner][vc_column_inner width=\u00bb1\/3&#8243;][\/vc_column_inner][vc_column_inner width=\u00bb1\/3&#8243;][\/vc_column_inner][\/vc_row_inner][\/vc_column][\/vc_row][vc_row el_class=\u00bbalign-center margin-top-67 padding-bottom-20&#8243;][vc_column][vc_empty_space height=\u00bb62px\u00bb][\/vc_column][\/vc_row][vc_row type=\u00bbfull-width cs-parallax\u00bb css=\u00bb.vc_custom_1669782985781{background-image: url(http:\/\/quanticalabs.com\/wptest\/carservice\/files\/2015\/05\/image_012.jpg?id=928) !important;}\u00bb el_class=\u00bbalign-center padding-top-70 padding-bottom-66&#8243;][vc_column][vc_row_inner][vc_column_inner][vc_empty_space height=\u00bb40px\u00bb][vc_empty_space][\/vc_column_inner][\/vc_row_inner][\/vc_column][\/vc_row][vc_row top_margin=\u00bbpage-margin-top-section\u00bb][vc_column][vc_column_text el_class=\u00bbdescription align-center\u00bb]Atendemos los servicios de tu flota en Box Service<\/p>\n","protected":false},"author":1,"featured_media":0,"parent":0,"menu_order":0,"comment_status":"open","ping_status":"closed","template":"template-default-without-breadcrumbs.php","meta":{"inline_featured_image":false,"footnotes":""},"class_list":["post-1124","page","type-page","status-publish","hentry"],"_links":{"self":[{"href":"https:\/\/hipajal.mx\/index.php?rest_route=\/wp\/v2\/pages\/1124","targetHints":{"allow":["GET"]}}],"collection":[{"href":"https:\/\/hipajal.mx\/index.php?rest_route=\/wp\/v2\/pages"}],"about":[{"href":"https:\/\/hipajal.mx\/index.php?rest_route=\/wp\/v2\/types\/page"}],"author":[{"embeddable":true,"href":"https:\/\/hipajal.mx\/index.php?rest_route=\/wp\/v2\/users\/1"}],"replies":[{"embeddable":true,"href":"https:\/\/hipajal.mx\/index.php?rest_route=%2Fwp%2Fv2%2Fcomments&post=1124"}],"version-history":[{"count":26,"href":"https:\/\/hipajal.mx\/index.php?rest_route=\/wp\/v2\/pages\/1124\/revisions"}],"predecessor-version":[{"id":2136,"href":"https:\/\/hipajal.mx\/index.php?rest_route=\/wp\/v2\/pages\/1124\/revisions\/2136"}],"wp:attachment":[{"href":"https:\/\/hipajal.mx\/index.php?rest_route=%2Fwp%2Fv2%2Fmedia&parent=1124"}],"curies":[{"name":"wp","href":"https:\/\/api.w.org\/{rel}","templated":true}]}}